{"id":66,"date":"2016-08-24T19:10:56","date_gmt":"2016-08-24T17:10:56","guid":{"rendered":"http:\/\/fanrechtefonds.de\/blog\/?page_id=66"},"modified":"2016-08-24T19:10:56","modified_gmt":"2016-08-24T17:10:56","slug":"kontakt","status":"publish","type":"page","link":"https:\/\/fanrechtefonds.de\/blog\/kontakt\/","title":{"rendered":"Kontakt"},"content":{"rendered":"<p>Ihr habt eine Frage oder einen Vorschlag? Ihr kennt einen Fall, den Ihr f\u00fcr unterst\u00fctzenswert haltet oder seid selbst betroffen? Mit dem Kontaktformular k\u00f6nnt Ihr den Kassenrat informieren. Bitte gebt neben Eurem Namen unbedingt Eure E-Mail-Adresse und m\u00f6glichst auch eine Telefonnummer an, damit wir uns bei Euch melden k\u00f6nnen.<\/p>\n<p>Alternativ\u00a0direkt per E-Mail an\u00a0<a href=\"javascript:DeCryptX('0k1p3q0t2c0k2v2B3i0a0n0r2g2e3k3w0e1g3r0n1e3v1\/2f0e')\">kontakt [at] fanrechtefonds [dot] de<\/a><\/p>\n<form class=\"wpcf7-form\" action=\"\/blog\/wp-admin\/admin-ajax.php?_panelsnonce=95507282cc#wpcf7-f33-o1\" method=\"post\" novalidate=\"novalidate\"><input name=\"_wpcf7\" type=\"hidden\" value=\"33\" \/><br \/>\n<input name=\"_wpcf7_version\" type=\"hidden\" value=\"4.5\" \/><br \/>\n<input name=\"_wpcf7_locale\" type=\"hidden\" value=\"de_DE\" \/><br \/>\n<input name=\"_wpcf7_unit_tag\" type=\"hidden\" value=\"wpcf7-f33-o1\" \/><br \/>\n<input name=\"_wpnonce\" type=\"hidden\" value=\"396cd8c87b\" \/><label> Dein Name (Pflichtfeld)<br \/>\n<span class=\"wpcf7-form-control-wrap your-name\"><input class=\"wpcf7-form-control wpcf7-text wpcf7-validates-as-required\" name=\"your-name\" size=\"40\" type=\"text\" value=\"\" \/><\/span> <\/label><\/p>\n<p><label> Deine E-Mail-Adresse (Pflichtfeld)<br \/>\n<span class=\"wpcf7-form-control-wrap your-email\"><input class=\"wpcf7-form-control wpcf7-text wpcf7-email wpcf7-validates-as-required wpcf7-validates-as-email\" name=\"your-email\" size=\"40\" type=\"email\" value=\"\" \/><\/span> <\/label><\/p>\n<p><label> Deine Telefonnummer<br \/>\n<span class=\"wpcf7-form-control-wrap your-telephone\"><input class=\"wpcf7-form-control wpcf7-text\" name=\"your-telephone\" size=\"40\" type=\"text\" value=\"\" \/><\/span> <\/label><\/p>\n<p><label> Betreff<br \/>\n<span class=\"wpcf7-form-control-wrap your-subject\"><input class=\"wpcf7-form-control wpcf7-text\" name=\"your-subject\" size=\"40\" type=\"text\" value=\"\" \/><\/span> <\/label><\/p>\n<p><label> Deine Nachricht<br \/>\n<span class=\"wpcf7-form-control-wrap your-message\"><textarea class=\"wpcf7-form-control wpcf7-textarea\" cols=\"40\" name=\"your-message\" rows=\"10\"><\/textarea><\/span> <\/label><\/p>\n<p><input class=\"wpcf7-form-control wpcf7-submit\" type=\"submit\" value=\"Senden\" \/><\/p>\n<\/form>\n<p><span style=\"font-size: 8pt; color: #999999;\">Zur Erf\u00fcllung der satzungsgem\u00e4\u00dfen Aufgaben werden die uns mitgeteilten personenbezogenen Angaben einschlie\u00dflich des Datums und der H\u00f6he eingegangener Spenden in einer Datei gespeichert und verarbeitet. Dabei werden die Bestimmungen des Bundesdatenschutzgesetzes eingehalten. \u00dcber diesen Schutz noch hinausgehend, erfolgt keinerlei Daten\u00fcbermittlung oder -nutzung nach \u00a7 28 (2) BDSG.\u00a0<\/span><br \/>\n<span style=\"font-size: 8pt; color: #999999;\">Mitgeteilte personenbezogene Umst\u00e4nde, die \u00fcber die Kontakt- und Spendendaten hinausgehen, werden streng vertraulich behandelt. Zum Zwecke der Pr\u00fcfung der Erfolgsaussicht rechtlicher Mittel kann der Kassenrat einen oder mehrere Rechtsanw\u00e4lte konsultieren. Dabei wird die Anonymit\u00e4t gew\u00e4hrleistet, solange kein ausdr\u00fcckliches gegenteiliges Einverst\u00e4ndnis der oder des Betroffenen vorliegt.\u00a0<\/span><br \/>\n<span style=\"font-size: 8pt; color: #999999;\">Die mitgeteilten E-Mail-Adressen werden nicht f\u00fcr periodische Werbung zu weiteren Spenden genutzt.<\/span><\/p>\n<p><span style=\"color: #800000;\"><strong>Spendenkonto<\/strong><\/span><\/p>\n<p><strong>Kontoinhaber:<\/strong><br \/>\nRA Tobias Westkamp<\/p>\n<p><strong>IBAN:<\/strong><br \/>\nDE11 3705 0299 0000 3793 88<\/p>\n<p><strong>BIC:<\/strong><br \/>\nCOKSDE33XXX<br \/>\n(KSK K\u00f6ln)<\/p>\n<p><strong>Verwendungszweck:<\/strong><br \/>\nFanrechtefonds, Name, E-Mail-Adresse!!!<\/p>\n","protected":false},"excerpt":{"rendered":"<p>Ihr habt eine Frage oder einen Vorschlag? Ihr kennt einen Fall, den Ihr f\u00fcr unterst\u00fctzenswert haltet oder seid selbst betroffen? Mit dem Kontaktformular k\u00f6nnt Ihr den Kassenrat informieren. Bitte gebt neben Eurem Namen unbedingt Eure E-Mail-Adresse und m\u00f6glichst auch eine &hellip; <a href=\"https:\/\/fanrechtefonds.de\/blog\/kontakt\/\">Weiter<\/a><\/p>\n","protected":false},"author":1,"featured_media":0,"parent":0,"menu_order":0,"comment_status":"closed","ping_status":"closed","template":"page-fullwidth.php","meta":{"kt_blocks_editor_width":"","footnotes":""},"class_list":["post-66","page","type-page","status-publish","hentry"],"yoast_head":"<!-- This site is optimized with the Yoast SEO plugin v27.4 - https:\/\/yoast.com\/product\/yoast-seo-wordpress\/ -->\n<title>Kontakt - Fanrechtefonds<\/title>\n<meta name=\"robots\" content=\"index, follow, max-snippet:-1, max-image-preview:large, max-video-preview:-1\" \/>\n<link rel=\"canonical\" href=\"https:\/\/fanrechtefonds.de\/blog\/kontakt\/\" \/>\n<meta property=\"og:locale\" content=\"de_DE\" \/>\n<meta property=\"og:type\" content=\"article\" \/>\n<meta property=\"og:title\" content=\"Kontakt - Fanrechtefonds\" \/>\n<meta property=\"og:description\" content=\"Ihr habt eine Frage oder einen Vorschlag? Ihr kennt einen Fall, den Ihr f\u00fcr unterst\u00fctzenswert haltet oder seid selbst betroffen? Mit dem Kontaktformular k\u00f6nnt Ihr den Kassenrat informieren. Bitte gebt neben Eurem Namen unbedingt Eure E-Mail-Adresse und m\u00f6glichst auch eine &hellip; Weiter\" \/>\n<meta property=\"og:url\" content=\"https:\/\/fanrechtefonds.de\/blog\/kontakt\/\" \/>\n<meta property=\"og:site_name\" content=\"Fanrechtefonds\" \/>\n<meta property=\"og:image\" content=\"https:\/\/fanrechtefonds.de\/blog\/wp-content\/uploads\/2021\/04\/Logo_200x200.png\" \/>\n\t<meta property=\"og:image:width\" content=\"400\" \/>\n\t<meta property=\"og:image:height\" content=\"400\" \/>\n\t<meta property=\"og:image:type\" content=\"image\/png\" \/>\n<meta name=\"twitter:card\" content=\"summary_large_image\" \/>\n<meta name=\"twitter:label1\" content=\"Gesch\u00e4tzte Lesezeit\" \/>\n\t<meta name=\"twitter:data1\" content=\"1\u00a0Minute\" \/>\n<script type=\"application\/ld+json\" class=\"yoast-schema-graph\">{\"@context\":\"https:\\\/\\\/schema.org\",\"@graph\":[{\"@type\":\"WebPage\",\"@id\":\"https:\\\/\\\/fanrechtefonds.de\\\/blog\\\/kontakt\\\/\",\"url\":\"https:\\\/\\\/fanrechtefonds.de\\\/blog\\\/kontakt\\\/\",\"name\":\"Kontakt - Fanrechtefonds\",\"isPartOf\":{\"@id\":\"https:\\\/\\\/fanrechtefonds.de\\\/blog\\\/#website\"},\"datePublished\":\"2016-08-24T17:10:56+00:00\",\"breadcrumb\":{\"@id\":\"https:\\\/\\\/fanrechtefonds.de\\\/blog\\\/kontakt\\\/#breadcrumb\"},\"inLanguage\":\"de\",\"potentialAction\":[{\"@type\":\"ReadAction\",\"target\":[\"https:\\\/\\\/fanrechtefonds.de\\\/blog\\\/kontakt\\\/\"]}]},{\"@type\":\"BreadcrumbList\",\"@id\":\"https:\\\/\\\/fanrechtefonds.de\\\/blog\\\/kontakt\\\/#breadcrumb\",\"itemListElement\":[{\"@type\":\"ListItem\",\"position\":1,\"name\":\"Startseite\",\"item\":\"https:\\\/\\\/fanrechtefonds.de\\\/blog\\\/\"},{\"@type\":\"ListItem\",\"position\":2,\"name\":\"Kontakt\"}]},{\"@type\":\"WebSite\",\"@id\":\"https:\\\/\\\/fanrechtefonds.de\\\/blog\\\/#website\",\"url\":\"https:\\\/\\\/fanrechtefonds.de\\\/blog\\\/\",\"name\":\"Fanrechtefonds\",\"description\":\"Fanrechtefonds\",\"potentialAction\":[{\"@type\":\"SearchAction\",\"target\":{\"@type\":\"EntryPoint\",\"urlTemplate\":\"https:\\\/\\\/fanrechtefonds.de\\\/blog\\\/?s={search_term_string}\"},\"query-input\":{\"@type\":\"PropertyValueSpecification\",\"valueRequired\":true,\"valueName\":\"search_term_string\"}}],\"inLanguage\":\"de\"}]}<\/script>\n<!-- \/ Yoast SEO plugin. -->","yoast_head_json":{"title":"Kontakt - Fanrechtefonds","robots":{"index":"index","follow":"follow","max-snippet":"max-snippet:-1","max-image-preview":"max-image-preview:large","max-video-preview":"max-video-preview:-1"},"canonical":"https:\/\/fanrechtefonds.de\/blog\/kontakt\/","og_locale":"de_DE","og_type":"article","og_title":"Kontakt - Fanrechtefonds","og_description":"Ihr habt eine Frage oder einen Vorschlag? Ihr kennt einen Fall, den Ihr f\u00fcr unterst\u00fctzenswert haltet oder seid selbst betroffen? Mit dem Kontaktformular k\u00f6nnt Ihr den Kassenrat informieren. Bitte gebt neben Eurem Namen unbedingt Eure E-Mail-Adresse und m\u00f6glichst auch eine &hellip; Weiter","og_url":"https:\/\/fanrechtefonds.de\/blog\/kontakt\/","og_site_name":"Fanrechtefonds","og_image":[{"width":400,"height":400,"url":"https:\/\/fanrechtefonds.de\/blog\/wp-content\/uploads\/2021\/04\/Logo_200x200.png","type":"image\/png"}],"twitter_card":"summary_large_image","twitter_misc":{"Gesch\u00e4tzte Lesezeit":"1\u00a0Minute"},"schema":{"@context":"https:\/\/schema.org","@graph":[{"@type":"WebPage","@id":"https:\/\/fanrechtefonds.de\/blog\/kontakt\/","url":"https:\/\/fanrechtefonds.de\/blog\/kontakt\/","name":"Kontakt - Fanrechtefonds","isPartOf":{"@id":"https:\/\/fanrechtefonds.de\/blog\/#website"},"datePublished":"2016-08-24T17:10:56+00:00","breadcrumb":{"@id":"https:\/\/fanrechtefonds.de\/blog\/kontakt\/#breadcrumb"},"inLanguage":"de","potentialAction":[{"@type":"ReadAction","target":["https:\/\/fanrechtefonds.de\/blog\/kontakt\/"]}]},{"@type":"BreadcrumbList","@id":"https:\/\/fanrechtefonds.de\/blog\/kontakt\/#breadcrumb","itemListElement":[{"@type":"ListItem","position":1,"name":"Startseite","item":"https:\/\/fanrechtefonds.de\/blog\/"},{"@type":"ListItem","position":2,"name":"Kontakt"}]},{"@type":"WebSite","@id":"https:\/\/fanrechtefonds.de\/blog\/#website","url":"https:\/\/fanrechtefonds.de\/blog\/","name":"Fanrechtefonds","description":"Fanrechtefonds","potentialAction":[{"@type":"SearchAction","target":{"@type":"EntryPoint","urlTemplate":"https:\/\/fanrechtefonds.de\/blog\/?s={search_term_string}"},"query-input":{"@type":"PropertyValueSpecification","valueRequired":true,"valueName":"search_term_string"}}],"inLanguage":"de"}]}},"_links":{"self":[{"href":"https:\/\/fanrechtefonds.de\/blog\/wp-json\/wp\/v2\/pages\/66","targetHints":{"allow":["GET"]}}],"collection":[{"href":"https:\/\/fanrechtefonds.de\/blog\/wp-json\/wp\/v2\/pages"}],"about":[{"href":"https:\/\/fanrechtefonds.de\/blog\/wp-json\/wp\/v2\/types\/page"}],"author":[{"embeddable":true,"href":"https:\/\/fanrechtefonds.de\/blog\/wp-json\/wp\/v2\/users\/1"}],"replies":[{"embeddable":true,"href":"https:\/\/fanrechtefonds.de\/blog\/wp-json\/wp\/v2\/comments?post=66"}],"version-history":[{"count":3,"href":"https:\/\/fanrechtefonds.de\/blog\/wp-json\/wp\/v2\/pages\/66\/revisions"}],"predecessor-version":[{"id":142,"href":"https:\/\/fanrechtefonds.de\/blog\/wp-json\/wp\/v2\/pages\/66\/revisions\/142"}],"wp:attachment":[{"href":"https:\/\/fanrechtefonds.de\/blog\/wp-json\/wp\/v2\/media?parent=66"}],"curies":[{"name":"wp","href":"https:\/\/api.w.org\/{rel}","templated":true}]}}