{"id":42,"date":"2016-08-23T18:55:00","date_gmt":"2016-08-23T16:55:00","guid":{"rendered":"http:\/\/fanrechtefonds.de\/blog\/?page_id=42"},"modified":"2022-02-14T09:46:49","modified_gmt":"2022-02-14T08:46:49","slug":"organe","status":"publish","type":"page","link":"https:\/\/fanrechtefonds.de\/blog\/organe\/","title":{"rendered":"Organe"},"content":{"rendered":"<div id=\"pl-42\" class=\"panel-layout\">\n<div id=\"pg-42-0\" class=\"panel-grid panel-no-style\" data-style=\"{&quot;background_display&quot;:&quot;tile&quot;}\">\n<div id=\"pgc-42-0-0\" class=\"panel-grid-cell\" data-weight=\"0.77969613259669\">\n<div id=\"panel-42-0-0-0\" class=\"so-panel widget widget_sow-editor panel-first-child panel-last-child\" data-index=\"0\" data-style=\"{&quot;background_image_attachment&quot;:false,&quot;background_display&quot;:&quot;tile&quot;}\">\n<div class=\"so-widget-sow-editor so-widget-sow-editor-base\">\n<div class=\"siteorigin-widget-tinymce textwidget\">\n<h4 class=\"infoTitle\">Spenderversammlung<\/h4>\n<div class=\"infoBox\">In der, mindestens alle zwei Jahre stattfindenden, Spenderversammlung berichtet der Kassenrat \u00fcber Mittelaufkommen und -verwendung des Fonds. Die Spenderversammlung w\u00e4hlt einen neuen Kassenrat und beschlie\u00dft \u00fcber etwaige Satzungs\u00e4nderungen. In der Spenderversammlung stimmberechtigt sind alle Spender, die zum Stichtag zwei Monate vor der Versammlung mindestens ein halbes Prozent des Spendenaufkommens seit Einrichtung des Fonds oder mindestens ein halbes Prozent des Spendenaufkommens seit dem Stichtag der letzten Spenderversammlung beigetragen haben. Alle nicht stimmberechtigten Spender sind berechtigt, an der Spenderversammlung ohne Stimmrecht teilzunehmen, sofern ihre letzte Spende nicht l\u00e4nger als f\u00fcnf Jahre zur\u00fcckliegt.<\/div>\n<div class=\"infoTitle\"><\/div>\n<h4 class=\"infoTitle\">Mitglieder des Kassenrats<\/h4>\n<div class=\"infoBox\">\n<ul>\n<li>Helen Breit, Freiburg<\/li>\n<li>J\u00f6rn Brauer, Osnabr\u00fcck<\/li>\n<li>Arne Lorenz, Ulm<\/li>\n<li>Ols Weidmann, Berlin<\/li>\n<li>Sig Zelt, Berlin<\/li>\n<li>Wilko Zicht, Bremen<\/li>\n<\/ul>\n<\/div>\n<h4 class=\"infoTitle\">Treuh\u00e4nder<\/h4>\n<div class=\"infoBox\">Rechtsanwalt Tobias Westkamp, K\u00f6ln<\/div>\n<\/div>\n<\/div>\n<\/div>\n<\/div>\n<div id=\"pgc-42-0-1\" class=\"panel-grid-cell\" data-weight=\"0.22030386740331\">\n<div id=\"panel-42-0-1-0\" class=\"so-panel widget widget_sow-editor panel-first-child panel-last-child\" data-index=\"1\" data-style=\"{&quot;background&quot;:&quot;#d6d6d6&quot;,&quot;background_display&quot;:&quot;tile&quot;}\">\n<div class=\"panel-widget-style panel-widget-style-for-42-0-1-0\">\n<div class=\"so-widget-sow-editor so-widget-sow-editor-base\">\n<div class=\"siteorigin-widget-tinymce textwidget\">\n<p><span style=\"color: #800000;\"><strong>Spendenkonto<\/strong><\/span><\/p>\n<p><strong>Kontoinhaber:<\/strong><br \/>\nRA Tobias Westkamp<\/p>\n<p><strong>IBAN:<\/strong><br \/>\nDE11 3705 0299 0000 3793 88<\/p>\n<p><strong>BIC:<\/strong><br \/>\nCOKSDE33XXX<br \/>\n(KSK K\u00f6ln)<\/p>\n<p><strong>Verwendungszweck:<\/strong><br \/>\nFanrechtefonds, Name, E-Mail-Adresse!!!<\/p>\n<\/div>\n<\/div>\n<\/div>\n<\/div>\n<\/div>\n<\/div>\n<\/div>\n","protected":false},"excerpt":{"rendered":"<p>Spenderversammlung In der, mindestens alle zwei Jahre stattfindenden, Spenderversammlung berichtet der Kassenrat \u00fcber Mittelaufkommen und -verwendung des Fonds. Die Spenderversammlung w\u00e4hlt einen neuen Kassenrat und beschlie\u00dft \u00fcber etwaige Satzungs\u00e4nderungen. In der Spenderversammlung stimmberechtigt sind alle Spender, die zum Stichtag zwei &hellip; <a href=\"https:\/\/fanrechtefonds.de\/blog\/organe\/\">Weiter<\/a><\/p>\n","protected":false},"author":1,"featured_media":0,"parent":0,"menu_order":0,"comment_status":"closed","ping_status":"closed","template":"page-fullwidth.php","meta":{"kt_blocks_editor_width":"","footnotes":""},"class_list":["post-42","page","type-page","status-publish","hentry"],"yoast_head":"<!-- This site is optimized with the Yoast SEO plugin v27.4 - https:\/\/yoast.com\/product\/yoast-seo-wordpress\/ -->\n<title>Organe - Fanrechtefonds<\/title>\n<meta name=\"robots\" content=\"index, follow, max-snippet:-1, max-image-preview:large, max-video-preview:-1\" \/>\n<link rel=\"canonical\" href=\"https:\/\/fanrechtefonds.de\/blog\/organe\/\" \/>\n<meta property=\"og:locale\" content=\"de_DE\" \/>\n<meta property=\"og:type\" content=\"article\" \/>\n<meta property=\"og:title\" content=\"Organe - Fanrechtefonds\" \/>\n<meta property=\"og:description\" content=\"Spenderversammlung In der, mindestens alle zwei Jahre stattfindenden, Spenderversammlung berichtet der Kassenrat \u00fcber Mittelaufkommen und -verwendung des Fonds. Die Spenderversammlung w\u00e4hlt einen neuen Kassenrat und beschlie\u00dft \u00fcber etwaige Satzungs\u00e4nderungen. In der Spenderversammlung stimmberechtigt sind alle Spender, die zum Stichtag zwei &hellip; Weiter\" \/>\n<meta property=\"og:url\" content=\"https:\/\/fanrechtefonds.de\/blog\/organe\/\" \/>\n<meta property=\"og:site_name\" content=\"Fanrechtefonds\" \/>\n<meta property=\"article:modified_time\" content=\"2022-02-14T08:46:49+00:00\" \/>\n<meta property=\"og:image\" content=\"https:\/\/fanrechtefonds.de\/blog\/wp-content\/uploads\/2021\/04\/Logo_200x200.png\" \/>\n\t<meta property=\"og:image:width\" content=\"400\" \/>\n\t<meta property=\"og:image:height\" content=\"400\" \/>\n\t<meta property=\"og:image:type\" content=\"image\/png\" \/>\n<meta name=\"twitter:card\" content=\"summary_large_image\" \/>\n<meta name=\"twitter:label1\" content=\"Gesch\u00e4tzte Lesezeit\" \/>\n\t<meta name=\"twitter:data1\" content=\"1\u00a0Minute\" \/>\n<script type=\"application\/ld+json\" class=\"yoast-schema-graph\">{\"@context\":\"https:\\\/\\\/schema.org\",\"@graph\":[{\"@type\":\"WebPage\",\"@id\":\"https:\\\/\\\/fanrechtefonds.de\\\/blog\\\/organe\\\/\",\"url\":\"https:\\\/\\\/fanrechtefonds.de\\\/blog\\\/organe\\\/\",\"name\":\"Organe - Fanrechtefonds\",\"isPartOf\":{\"@id\":\"https:\\\/\\\/fanrechtefonds.de\\\/blog\\\/#website\"},\"datePublished\":\"2016-08-23T16:55:00+00:00\",\"dateModified\":\"2022-02-14T08:46:49+00:00\",\"breadcrumb\":{\"@id\":\"https:\\\/\\\/fanrechtefonds.de\\\/blog\\\/organe\\\/#breadcrumb\"},\"inLanguage\":\"de\",\"potentialAction\":[{\"@type\":\"ReadAction\",\"target\":[\"https:\\\/\\\/fanrechtefonds.de\\\/blog\\\/organe\\\/\"]}]},{\"@type\":\"BreadcrumbList\",\"@id\":\"https:\\\/\\\/fanrechtefonds.de\\\/blog\\\/organe\\\/#breadcrumb\",\"itemListElement\":[{\"@type\":\"ListItem\",\"position\":1,\"name\":\"Startseite\",\"item\":\"https:\\\/\\\/fanrechtefonds.de\\\/blog\\\/\"},{\"@type\":\"ListItem\",\"position\":2,\"name\":\"Organe\"}]},{\"@type\":\"WebSite\",\"@id\":\"https:\\\/\\\/fanrechtefonds.de\\\/blog\\\/#website\",\"url\":\"https:\\\/\\\/fanrechtefonds.de\\\/blog\\\/\",\"name\":\"Fanrechtefonds\",\"description\":\"Fanrechtefonds\",\"potentialAction\":[{\"@type\":\"SearchAction\",\"target\":{\"@type\":\"EntryPoint\",\"urlTemplate\":\"https:\\\/\\\/fanrechtefonds.de\\\/blog\\\/?s={search_term_string}\"},\"query-input\":{\"@type\":\"PropertyValueSpecification\",\"valueRequired\":true,\"valueName\":\"search_term_string\"}}],\"inLanguage\":\"de\"}]}<\/script>\n<!-- \/ Yoast SEO plugin. -->","yoast_head_json":{"title":"Organe - Fanrechtefonds","robots":{"index":"index","follow":"follow","max-snippet":"max-snippet:-1","max-image-preview":"max-image-preview:large","max-video-preview":"max-video-preview:-1"},"canonical":"https:\/\/fanrechtefonds.de\/blog\/organe\/","og_locale":"de_DE","og_type":"article","og_title":"Organe - Fanrechtefonds","og_description":"Spenderversammlung In der, mindestens alle zwei Jahre stattfindenden, Spenderversammlung berichtet der Kassenrat \u00fcber Mittelaufkommen und -verwendung des Fonds. Die Spenderversammlung w\u00e4hlt einen neuen Kassenrat und beschlie\u00dft \u00fcber etwaige Satzungs\u00e4nderungen. In der Spenderversammlung stimmberechtigt sind alle Spender, die zum Stichtag zwei &hellip; Weiter","og_url":"https:\/\/fanrechtefonds.de\/blog\/organe\/","og_site_name":"Fanrechtefonds","article_modified_time":"2022-02-14T08:46:49+00:00","og_image":[{"width":400,"height":400,"url":"https:\/\/fanrechtefonds.de\/blog\/wp-content\/uploads\/2021\/04\/Logo_200x200.png","type":"image\/png"}],"twitter_card":"summary_large_image","twitter_misc":{"Gesch\u00e4tzte Lesezeit":"1\u00a0Minute"},"schema":{"@context":"https:\/\/schema.org","@graph":[{"@type":"WebPage","@id":"https:\/\/fanrechtefonds.de\/blog\/organe\/","url":"https:\/\/fanrechtefonds.de\/blog\/organe\/","name":"Organe - Fanrechtefonds","isPartOf":{"@id":"https:\/\/fanrechtefonds.de\/blog\/#website"},"datePublished":"2016-08-23T16:55:00+00:00","dateModified":"2022-02-14T08:46:49+00:00","breadcrumb":{"@id":"https:\/\/fanrechtefonds.de\/blog\/organe\/#breadcrumb"},"inLanguage":"de","potentialAction":[{"@type":"ReadAction","target":["https:\/\/fanrechtefonds.de\/blog\/organe\/"]}]},{"@type":"BreadcrumbList","@id":"https:\/\/fanrechtefonds.de\/blog\/organe\/#breadcrumb","itemListElement":[{"@type":"ListItem","position":1,"name":"Startseite","item":"https:\/\/fanrechtefonds.de\/blog\/"},{"@type":"ListItem","position":2,"name":"Organe"}]},{"@type":"WebSite","@id":"https:\/\/fanrechtefonds.de\/blog\/#website","url":"https:\/\/fanrechtefonds.de\/blog\/","name":"Fanrechtefonds","description":"Fanrechtefonds","potentialAction":[{"@type":"SearchAction","target":{"@type":"EntryPoint","urlTemplate":"https:\/\/fanrechtefonds.de\/blog\/?s={search_term_string}"},"query-input":{"@type":"PropertyValueSpecification","valueRequired":true,"valueName":"search_term_string"}}],"inLanguage":"de"}]}},"_links":{"self":[{"href":"https:\/\/fanrechtefonds.de\/blog\/wp-json\/wp\/v2\/pages\/42","targetHints":{"allow":["GET"]}}],"collection":[{"href":"https:\/\/fanrechtefonds.de\/blog\/wp-json\/wp\/v2\/pages"}],"about":[{"href":"https:\/\/fanrechtefonds.de\/blog\/wp-json\/wp\/v2\/types\/page"}],"author":[{"embeddable":true,"href":"https:\/\/fanrechtefonds.de\/blog\/wp-json\/wp\/v2\/users\/1"}],"replies":[{"embeddable":true,"href":"https:\/\/fanrechtefonds.de\/blog\/wp-json\/wp\/v2\/comments?post=42"}],"version-history":[{"count":8,"href":"https:\/\/fanrechtefonds.de\/blog\/wp-json\/wp\/v2\/pages\/42\/revisions"}],"predecessor-version":[{"id":314,"href":"https:\/\/fanrechtefonds.de\/blog\/wp-json\/wp\/v2\/pages\/42\/revisions\/314"}],"wp:attachment":[{"href":"https:\/\/fanrechtefonds.de\/blog\/wp-json\/wp\/v2\/media?parent=42"}],"curies":[{"name":"wp","href":"https:\/\/api.w.org\/{rel}","templated":true}]}}