{"id":31,"date":"2016-08-23T18:39:01","date_gmt":"2016-08-23T16:39:01","guid":{"rendered":"http:\/\/fanrechtefonds.de\/blog\/?page_id=31"},"modified":"2016-08-25T11:03:56","modified_gmt":"2016-08-25T09:03:56","slug":"startseite","status":"publish","type":"page","link":"https:\/\/fanrechtefonds.de\/blog\/startseite\/","title":{"rendered":"Warum ein Fanrechtefonds?"},"content":{"rendered":"<h3 style=\"text-align: center;\">Warum?<\/h3>\n<figure id=\"attachment_7\" class=\"thumbnail wp-caption alignright\" style=\"width: 250px;\"><img loading=\"lazy\" decoding=\"async\" class=\"wp-image-7 size-full\" src=\"https:\/\/fanrechtefonds.de\/blog\/wp-content\/uploads\/2016\/08\/demoberlin1.jpg\" alt=\"Bundesweite Demo in Berlin 2002\" width=\"250\" height=\"188\" \/><figcaption class=\"caption wp-caption-text\">Bundesweite Demo in Berlin 2002<\/figcaption><\/figure>\n<p>Stell dir vor, du f\u00e4hrst zu einem Ausw\u00e4rtsspiel, der Bus h\u00e4lt f\u00fcr eine Rast an der Tankstelle, und genau dort gibt es einen Zwischenfall. Vielleicht meint jemand aus dem Bus, das Bier f\u00fcr umsonst mitnehmen zu k\u00f6nnen, oder jemand f\u00fchlt sich provoziert und es gibt ein Handgemenge. Die Polizei wird gerufen und stellt die Personalien aller Mitreisenden fest. Sp\u00e4ter wirst du erfahren, dass gegen dich, wie gegen alle anderen, ermittelt wird. Das ist rechtens und du musst dir keine Sorgen machen. Du hast ja nichts getan. Du bist unschuldig und du giltst als unschuldig. Das Verfahren wird irgendwann eingestellt werden, vielleicht wegen erwiesener Unschuld, vielleicht wegen mangelnder Beweislage, vielleicht verzichtet der Staat wegen Geringf\u00fcgigkeit auf weitere Aufkl\u00e4rung. Kein Problem, oder doch? Inzwischen hast du einen netten Brief erhalten, in dem dir erkl\u00e4rt wird, dass du f\u00fcr die n\u00e4chsten Monate bzw. eher Jahre keine Fu\u00dfballspiele mehr besuchen darfst. Auch wenn das Ermittlungsverfahren eingestellt wird, bleibt dieses Verbot bestehen. Dein Name ist jetzt vielleicht in einer Datei, in der die Polizei Angaben zu Gewaltt\u00e4tern sammelt. Du willst ins Ausland fliegen und man weist dich an der Grenze ab, weil gerade ein brisantes Spiel einer deutschen Mannschaft in jenem Land bevorsteht und weil man nicht riskieren will, dass &#8222;potentielle Gewaltt\u00e4ter&#8220; &#8211; wie du &#8211; dorthin reisen.<!--more--><\/p>\n<h4 style=\"text-align: center;\">Alles rechtens. &#8211; Alles rechtens?<\/h4>\n<figure id=\"attachment_8\" class=\"thumbnail wp-caption alignleft\" style=\"width: 250px;\"><img loading=\"lazy\" decoding=\"async\" class=\"wp-image-8 size-full\" src=\"https:\/\/fanrechtefonds.de\/blog\/wp-content\/uploads\/2016\/08\/demoffm1.jpg\" alt=\"Bundesweite Demo in Frankfurt 2005\" width=\"250\" height=\"188\" \/><figcaption class=\"caption wp-caption-text\">Bundesweite Demo in Frankfurt 2005<\/figcaption><\/figure>\n<p>Stell dir vor, du f\u00e4hrst zu einem Ausw\u00e4rtsspiel und wirst gleich am Bahnhof in einen Polizeikessel genommen und mit den anderen Fans zum Stadion gef\u00fchrt. Du willst Gep\u00e4ck abgeben &#8211; keine Chance. Du musst auf die Toilette &#8211; Pech gehabt. Du willst dir etwas zu Essen oder Trinken kaufen &#8211; sie lassen dich nicht raus. Du wolltest dir eigentlich vor dem Spiel die Stadt anschauen oder dich mit Freunden treffen &#8211; da musst du wohl noch einmal kommen. Jetzt wirst du wie Vieh zum Stadion getrieben. L\u00e4ufst du zu langsam oder ger\u00e4tst im Gedr\u00e4nge zu dicht an die dich bewachenden Polizisten, wirst du von ihnen geschubst oder getreten. Wenn du Pech hast, kann es auch passieren, dass du Pfefferspray in die Augen bekommst oder einen Kn\u00fcppel auf den Kopf.<\/p>\n<p>Stell dir vor, deine Tochter ist dabei, sie ist vielleicht 16. Sie wird von Polizistinnen in ein Zelt gef\u00fchrt, wo sie sich ausziehen muss. Nackt. Vollst\u00e4ndig. Sie muss mit ihren blo\u00dfen F\u00fc\u00dfen auf dem winterlich kalten Stra\u00dfenbelag stehen und K\u00f6rper\u00fcbungen vor Polizistinnen machen, weil diese sich nicht anders davon \u00fcberzeugen lassen, dass deine Tochter keine Pyrotechnik mit sich f\u00fchrt. Das Abteil des Zeltes ist an einer Seite offen, so dass Unbeteiligte hineinschauen k\u00f6nnen. Auf die Frage, warum gerade deine Tochter ausgew\u00e4hlt wurde, wird die Polizei antworten: Weil sie einen so unverd\u00e4chtigen Eindruck machte.<\/p>\n<h4 style=\"text-align: center;\">Alles rechtens. &#8211; Alles rechtens?<\/h4>\n<p><img loading=\"lazy\" decoding=\"async\" class=\"alignright wp-image-6 size-full\" src=\"https:\/\/fanrechtefonds.de\/blog\/wp-content\/uploads\/2016\/08\/demo_logo1.jpg\" alt=\"demo_logo1\" width=\"250\" height=\"133\" \/>Was die meisten &#8222;Normalb\u00fcrger&#8220; nicht wissen: Solche und \u00e4hnliche Dinge sind abseits einer tollen Weltmeisterschaftsstimmung in Fu\u00dfball- Deutschland an der Tagesordnung. Wir denken, dass Recht und Gesetz nicht nur auf Seiten der Anderen stehen kann. Deshalb wollen wir pr\u00fcfen lassen, ob der Staat wirklich so mit uns Fu\u00dfballfans umgehen darf. Rechtsprozesse kosten allerdings viel Geld. Wir wollen nicht den Dieb sch\u00fctzen, der das Bier klaut und nicht den Schl\u00e4ger, der der Meinung Anderer Fausthiebe entgegensetzt. Wir wollen uns nicht vor denjenigen stellen, der mit Leuchtkugeln auf andere Zuschauer zielt. Wir wollen vielmehr, dass friedliche Fu\u00dfballfans nicht l\u00e4nger kriminalisiert und f\u00fcr die Vergehen Anderer bestraft werden.<\/p>\n<h4 style=\"text-align: center;\">Nein, nicht alles rechtens! Und daher bitten wir Dich um Deine Unterst\u00fctzung!<\/h4>\n<p>Unser Projekt wird getragen von zahlreichen deutschen Fanclubs und Fangruppen, von den beiden \u00fcberregionalen Fanorganisationen BAFF und PRO FANS sowie von vielen Einzelpersonen. Ein aus f\u00fcnf Fans verschiedener Vereine bestehender Kassenrat entscheidet im Einklang mit der Satzung des Treuhandkontos \u00fcber die Verwendung der Spenden. Zwei Anw\u00e4lte verwalten das Geld und \u00fcberwachen die satzungsgem\u00e4\u00dfe Nutzung. Sei auch du dabei! Sprich mit deinen Freunden, um die Idee zu unterst\u00fctzen und allen zu Ihrem Recht zu verhelfen!<\/p>\n<p><span style=\"color: #800000;\"><strong>Spendenkonto<\/strong><\/span><\/p>\n<p><strong>Kontoinhaber:<\/strong><br \/>\nRA Tobias Westkamp<\/p>\n<p><strong>IBAN:<\/strong><br \/>\nDE11 3705 0299 0000 3793 88<\/p>\n<p><strong>BIC:<\/strong><br \/>\nCOKSDE33XXX<br \/>\n(KSK K\u00f6ln)<\/p>\n<p><strong>Verwendungszweck:<\/strong><br \/>\nFanrechtefonds, Name, E-Mail-Adresse!!!<\/p>\n","protected":false},"excerpt":{"rendered":"<p>Warum? Bundesweite Demo in Berlin 2002 Stell dir vor, du f\u00e4hrst zu einem Ausw\u00e4rtsspiel, der Bus h\u00e4lt f\u00fcr eine Rast an der Tankstelle, und genau dort gibt es einen Zwischenfall. Vielleicht meint jemand aus dem Bus, das Bier f\u00fcr umsonst &hellip; <a href=\"https:\/\/fanrechtefonds.de\/blog\/startseite\/\">Weiter<\/a><\/p>\n","protected":false},"author":1,"featured_media":0,"parent":0,"menu_order":0,"comment_status":"closed","ping_status":"closed","template":"page-fullwidth.php","meta":{"kt_blocks_editor_width":"","footnotes":""},"class_list":["post-31","page","type-page","status-publish","hentry"],"yoast_head":"<!-- This site is optimized with the Yoast SEO plugin v27.4 - https:\/\/yoast.com\/product\/yoast-seo-wordpress\/ -->\n<title>Warum ein Fanrechtefonds? - Fanrechtefonds<\/title>\n<meta name=\"robots\" content=\"index, follow, max-snippet:-1, max-image-preview:large, max-video-preview:-1\" \/>\n<link rel=\"canonical\" href=\"https:\/\/fanrechtefonds.de\/blog\/startseite\/\" \/>\n<meta property=\"og:locale\" content=\"de_DE\" \/>\n<meta property=\"og:type\" content=\"article\" \/>\n<meta property=\"og:title\" content=\"Warum ein Fanrechtefonds? - Fanrechtefonds\" \/>\n<meta property=\"og:description\" content=\"Warum? Bundesweite Demo in Berlin 2002 Stell dir vor, du f\u00e4hrst zu einem Ausw\u00e4rtsspiel, der Bus h\u00e4lt f\u00fcr eine Rast an der Tankstelle, und genau dort gibt es einen Zwischenfall. Vielleicht meint jemand aus dem Bus, das Bier f\u00fcr umsonst &hellip; Weiter\" \/>\n<meta property=\"og:url\" content=\"https:\/\/fanrechtefonds.de\/blog\/startseite\/\" \/>\n<meta property=\"og:site_name\" content=\"Fanrechtefonds\" \/>\n<meta property=\"article:modified_time\" content=\"2016-08-25T09:03:56+00:00\" \/>\n<meta property=\"og:image\" content=\"https:\/\/fanrechtefonds.de\/blog\/wp-content\/uploads\/2016\/08\/demoberlin1.jpg\" \/>\n<meta name=\"twitter:card\" content=\"summary_large_image\" \/>\n<meta name=\"twitter:label1\" content=\"Gesch\u00e4tzte Lesezeit\" \/>\n\t<meta name=\"twitter:data1\" content=\"4\u00a0Minuten\" \/>\n<script type=\"application\/ld+json\" class=\"yoast-schema-graph\">{\"@context\":\"https:\\\/\\\/schema.org\",\"@graph\":[{\"@type\":\"WebPage\",\"@id\":\"https:\\\/\\\/fanrechtefonds.de\\\/blog\\\/startseite\\\/\",\"url\":\"https:\\\/\\\/fanrechtefonds.de\\\/blog\\\/startseite\\\/\",\"name\":\"Warum ein Fanrechtefonds? - Fanrechtefonds\",\"isPartOf\":{\"@id\":\"https:\\\/\\\/fanrechtefonds.de\\\/blog\\\/#website\"},\"primaryImageOfPage\":{\"@id\":\"https:\\\/\\\/fanrechtefonds.de\\\/blog\\\/startseite\\\/#primaryimage\"},\"image\":{\"@id\":\"https:\\\/\\\/fanrechtefonds.de\\\/blog\\\/startseite\\\/#primaryimage\"},\"thumbnailUrl\":\"https:\\\/\\\/fanrechtefonds.de\\\/blog\\\/wp-content\\\/uploads\\\/2016\\\/08\\\/demoberlin1.jpg\",\"datePublished\":\"2016-08-23T16:39:01+00:00\",\"dateModified\":\"2016-08-25T09:03:56+00:00\",\"breadcrumb\":{\"@id\":\"https:\\\/\\\/fanrechtefonds.de\\\/blog\\\/startseite\\\/#breadcrumb\"},\"inLanguage\":\"de\",\"potentialAction\":[{\"@type\":\"ReadAction\",\"target\":[\"https:\\\/\\\/fanrechtefonds.de\\\/blog\\\/startseite\\\/\"]}]},{\"@type\":\"ImageObject\",\"inLanguage\":\"de\",\"@id\":\"https:\\\/\\\/fanrechtefonds.de\\\/blog\\\/startseite\\\/#primaryimage\",\"url\":\"https:\\\/\\\/fanrechtefonds.de\\\/blog\\\/wp-content\\\/uploads\\\/2016\\\/08\\\/demoberlin1.jpg\",\"contentUrl\":\"https:\\\/\\\/fanrechtefonds.de\\\/blog\\\/wp-content\\\/uploads\\\/2016\\\/08\\\/demoberlin1.jpg\",\"width\":250,\"height\":188,\"caption\":\"OLYMPUS DIGITAL CAMERA\"},{\"@type\":\"BreadcrumbList\",\"@id\":\"https:\\\/\\\/fanrechtefonds.de\\\/blog\\\/startseite\\\/#breadcrumb\",\"itemListElement\":[{\"@type\":\"ListItem\",\"position\":1,\"name\":\"Startseite\",\"item\":\"https:\\\/\\\/fanrechtefonds.de\\\/blog\\\/\"},{\"@type\":\"ListItem\",\"position\":2,\"name\":\"Warum ein Fanrechtefonds?\"}]},{\"@type\":\"WebSite\",\"@id\":\"https:\\\/\\\/fanrechtefonds.de\\\/blog\\\/#website\",\"url\":\"https:\\\/\\\/fanrechtefonds.de\\\/blog\\\/\",\"name\":\"Fanrechtefonds\",\"description\":\"Fanrechtefonds\",\"potentialAction\":[{\"@type\":\"SearchAction\",\"target\":{\"@type\":\"EntryPoint\",\"urlTemplate\":\"https:\\\/\\\/fanrechtefonds.de\\\/blog\\\/?s={search_term_string}\"},\"query-input\":{\"@type\":\"PropertyValueSpecification\",\"valueRequired\":true,\"valueName\":\"search_term_string\"}}],\"inLanguage\":\"de\"}]}<\/script>\n<!-- \/ Yoast SEO plugin. -->","yoast_head_json":{"title":"Warum ein Fanrechtefonds? - Fanrechtefonds","robots":{"index":"index","follow":"follow","max-snippet":"max-snippet:-1","max-image-preview":"max-image-preview:large","max-video-preview":"max-video-preview:-1"},"canonical":"https:\/\/fanrechtefonds.de\/blog\/startseite\/","og_locale":"de_DE","og_type":"article","og_title":"Warum ein Fanrechtefonds? - Fanrechtefonds","og_description":"Warum? Bundesweite Demo in Berlin 2002 Stell dir vor, du f\u00e4hrst zu einem Ausw\u00e4rtsspiel, der Bus h\u00e4lt f\u00fcr eine Rast an der Tankstelle, und genau dort gibt es einen Zwischenfall. Vielleicht meint jemand aus dem Bus, das Bier f\u00fcr umsonst &hellip; Weiter","og_url":"https:\/\/fanrechtefonds.de\/blog\/startseite\/","og_site_name":"Fanrechtefonds","article_modified_time":"2016-08-25T09:03:56+00:00","og_image":[{"url":"https:\/\/fanrechtefonds.de\/blog\/wp-content\/uploads\/2016\/08\/demoberlin1.jpg","type":"","width":"","height":""}],"twitter_card":"summary_large_image","twitter_misc":{"Gesch\u00e4tzte Lesezeit":"4\u00a0Minuten"},"schema":{"@context":"https:\/\/schema.org","@graph":[{"@type":"WebPage","@id":"https:\/\/fanrechtefonds.de\/blog\/startseite\/","url":"https:\/\/fanrechtefonds.de\/blog\/startseite\/","name":"Warum ein Fanrechtefonds? - Fanrechtefonds","isPartOf":{"@id":"https:\/\/fanrechtefonds.de\/blog\/#website"},"primaryImageOfPage":{"@id":"https:\/\/fanrechtefonds.de\/blog\/startseite\/#primaryimage"},"image":{"@id":"https:\/\/fanrechtefonds.de\/blog\/startseite\/#primaryimage"},"thumbnailUrl":"https:\/\/fanrechtefonds.de\/blog\/wp-content\/uploads\/2016\/08\/demoberlin1.jpg","datePublished":"2016-08-23T16:39:01+00:00","dateModified":"2016-08-25T09:03:56+00:00","breadcrumb":{"@id":"https:\/\/fanrechtefonds.de\/blog\/startseite\/#breadcrumb"},"inLanguage":"de","potentialAction":[{"@type":"ReadAction","target":["https:\/\/fanrechtefonds.de\/blog\/startseite\/"]}]},{"@type":"ImageObject","inLanguage":"de","@id":"https:\/\/fanrechtefonds.de\/blog\/startseite\/#primaryimage","url":"https:\/\/fanrechtefonds.de\/blog\/wp-content\/uploads\/2016\/08\/demoberlin1.jpg","contentUrl":"https:\/\/fanrechtefonds.de\/blog\/wp-content\/uploads\/2016\/08\/demoberlin1.jpg","width":250,"height":188,"caption":"OLYMPUS DIGITAL CAMERA"},{"@type":"BreadcrumbList","@id":"https:\/\/fanrechtefonds.de\/blog\/startseite\/#breadcrumb","itemListElement":[{"@type":"ListItem","position":1,"name":"Startseite","item":"https:\/\/fanrechtefonds.de\/blog\/"},{"@type":"ListItem","position":2,"name":"Warum ein Fanrechtefonds?"}]},{"@type":"WebSite","@id":"https:\/\/fanrechtefonds.de\/blog\/#website","url":"https:\/\/fanrechtefonds.de\/blog\/","name":"Fanrechtefonds","description":"Fanrechtefonds","potentialAction":[{"@type":"SearchAction","target":{"@type":"EntryPoint","urlTemplate":"https:\/\/fanrechtefonds.de\/blog\/?s={search_term_string}"},"query-input":{"@type":"PropertyValueSpecification","valueRequired":true,"valueName":"search_term_string"}}],"inLanguage":"de"}]}},"_links":{"self":[{"href":"https:\/\/fanrechtefonds.de\/blog\/wp-json\/wp\/v2\/pages\/31","targetHints":{"allow":["GET"]}}],"collection":[{"href":"https:\/\/fanrechtefonds.de\/blog\/wp-json\/wp\/v2\/pages"}],"about":[{"href":"https:\/\/fanrechtefonds.de\/blog\/wp-json\/wp\/v2\/types\/page"}],"author":[{"embeddable":true,"href":"https:\/\/fanrechtefonds.de\/blog\/wp-json\/wp\/v2\/users\/1"}],"replies":[{"embeddable":true,"href":"https:\/\/fanrechtefonds.de\/blog\/wp-json\/wp\/v2\/comments?post=31"}],"version-history":[{"count":8,"href":"https:\/\/fanrechtefonds.de\/blog\/wp-json\/wp\/v2\/pages\/31\/revisions"}],"predecessor-version":[{"id":155,"href":"https:\/\/fanrechtefonds.de\/blog\/wp-json\/wp\/v2\/pages\/31\/revisions\/155"}],"wp:attachment":[{"href":"https:\/\/fanrechtefonds.de\/blog\/wp-json\/wp\/v2\/media?parent=31"}],"curies":[{"name":"wp","href":"https:\/\/api.w.org\/{rel}","templated":true}]}}