{"id":157,"date":"2016-08-25T12:03:28","date_gmt":"2016-08-25T10:03:28","guid":{"rendered":"https:\/\/fanrechtefonds.de\/blog\/?page_id=157"},"modified":"2016-08-25T12:03:28","modified_gmt":"2016-08-25T10:03:28","slug":"links","status":"publish","type":"page","link":"https:\/\/fanrechtefonds.de\/blog\/links\/","title":{"rendered":"Links"},"content":{"rendered":"<p>Wir sind nicht verantwortlich f\u00fcr die Inhalte der hier aufgef\u00fchrten externen Webseiten.<\/p>\n<p>&nbsp;<\/p>\n<ul>\n<li><a href=\"http:\/\/www.fananwaelte.de\/\" target=\"_blank\">AG Fananw\u00e4lte<\/a><\/li>\n<li><a href=\"http:\/\/www.aktive-fans.de\/\" target=\"_blank\">B.A.F.F.<\/a><\/li>\n<li><a href=\"http:\/\/www.unsere-kurve.de\/\" target=\"_blank\">IG Unsere Kurve<\/a><\/li>\n<li><a href=\"http:\/\/www.pro-fans.de\" target=\"_blank\">ProFans<\/a><\/li>\n<\/ul>\n<h4>Fanhilfen:<\/h4>\n<ul>\n<li><a href=\"http:\/\/www.foerderkreis-ostkurve.de\/foerderkreis\/_wp\/fanhilfe\/\" target=\"_blank\">Fanhilfe Hertha BSC (Hertha BSC)<\/a><\/li>\n<li><a href=\"http:\/\/eiserne-hilfe.de\/\" target=\"_blank\">Eiserne Hilfe (Union Berlin)<\/a><\/li>\n<li><a href=\"http:\/\/blau-gelbe-hilfe.de\/\" target=\"_blank\">Blau Gelbe Hilfe (Eintracht Braunschweig)<\/a><\/li>\n<li><a href=\"http:\/\/www.schwarz-gelbe-hilfe.de\/\" target=\"_blank\">Schwarz Gelbe Hilfe (Dynamo Dresden)<\/a><\/li>\n<li><a href=\"http:\/\/fanhilfehannover.blogspot.de\/\" target=\"_blank\">Fanhilfe Hannover (Hannover 96)<\/a><\/li>\n<li><a href=\"http:\/\/rot-weisse-hilfe.de\" target=\"_blank\">Rot Wei\u00dfe Hilfe (1. FC Kaiserslautern)<\/a><\/li>\n<li><a href=\"http:\/\/koelsche-kluengel.net\/\" target=\"_blank\">K\u00f6lsche Kl\u00fcngel (1. FC K\u00f6ln)<\/a><\/li>\n<li><a href=\"http:\/\/www.rechtshilfe-chemie.de\/\" target=\"_blank\">Rechtshilfekollektiv Chemie Leipzig (BSG Chemie Leipzig)<\/a><\/li>\n<li><a href=\"http:\/\/kurvenhilfeleverkusen.wordpress.com\/\" target=\"_blank\">Kurvenhilfe Leverkusen (Bayer 04 Leverkusen)<\/a><\/li>\n<li><a href=\"http:\/\/fanhilfe-magdeburg.de\/leitbild\" target=\"_blank\">Fanhilfe Magdeburg (1. FC Magdeburg)<\/a><\/li>\n<li><a href=\"http:\/\/mainzer-fanhilfe.de\/\" target=\"_blank\">Mainzer Fanhilfe (FSV Mainz 05)<\/a><\/li>\n<li><a href=\"http:\/\/www.fanhilfe-moenchengladbach.de\/\" target=\"_blank\">Fanhilfe M\u00f6nchengladbach (Borussia M\u00f6nchengladbach)<\/a><\/li>\n<li><a href=\"http:\/\/blauehilfe.de\/\" target=\"_blank\">Blaue Hilfe (1860 M\u00fcnchen)<\/a><\/li>\n<li><a href=\"http:\/\/www.fanhilfe.ms\/ueber-uns\/\" target=\"_blank\">Fanhilfe M\u00fcnster (Preussen M\u00fcnster)<\/a><\/li>\n<li><a href=\"http:\/\/www.rot-schwarze-hilfe.de\/\" target=\"_blank\">Rot Schwarze Hilfe (1. FC N\u00fcrnberg)<\/a><\/li>\n<li><a href=\"http:\/\/blau-weiss-rote-hilfe.de\/\" target=\"_blank\">Blau Wei\u00df Rote Hilfe (Hansa Rostock)<\/a><\/li>\n<li><a href=\"http:\/\/www.koenigsblaue-hilfe.eu\/\" target=\"_blank\">K\u00f6nigsblaue Hilfe (FC Schalke 04)<\/a><\/li>\n<\/ul>\n<p>&nbsp;<\/p>\n<p><span style=\"color: #800000;\"><strong>Spendenkonto<\/strong><\/span><\/p>\n<p><strong>Kontoinhaber:<\/strong><br \/>\nRA Tobias Westkamp<\/p>\n<p><strong>IBAN:<\/strong><br \/>\nDE11 3705 0299 0000 3793 88<\/p>\n<p><strong>BIC:<\/strong><br \/>\nCOKSDE33XXX<br \/>\n(KSK K\u00f6ln)<\/p>\n<p><strong>Verwendungszweck:<\/strong><br \/>\nFanrechtefonds, Name, E-Mail-Adresse!!!<\/p>\n","protected":false},"excerpt":{"rendered":"<p>Wir sind nicht verantwortlich f\u00fcr die Inhalte der hier aufgef\u00fchrten externen Webseiten. &nbsp; AG Fananw\u00e4lte B.A.F.F. IG Unsere Kurve ProFans Fanhilfen: Fanhilfe Hertha BSC (Hertha BSC) Eiserne Hilfe (Union Berlin) Blau Gelbe Hilfe (Eintracht Braunschweig) Schwarz Gelbe Hilfe (Dynamo Dresden) &hellip; <a href=\"https:\/\/fanrechtefonds.de\/blog\/links\/\">Weiter<\/a><\/p>\n","protected":false},"author":1,"featured_media":0,"parent":0,"menu_order":0,"comment_status":"closed","ping_status":"closed","template":"page-fullwidth.php","meta":{"kt_blocks_editor_width":"","footnotes":""},"class_list":["post-157","page","type-page","status-publish","hentry"],"yoast_head":"<!-- This site is optimized with the Yoast SEO plugin v27.5 - https:\/\/yoast.com\/product\/yoast-seo-wordpress\/ -->\n<title>Links - Fanrechtefonds<\/title>\n<meta name=\"robots\" content=\"index, follow, max-snippet:-1, max-image-preview:large, max-video-preview:-1\" \/>\n<link rel=\"canonical\" href=\"https:\/\/fanrechtefonds.de\/blog\/links\/\" \/>\n<meta property=\"og:locale\" content=\"de_DE\" \/>\n<meta property=\"og:type\" content=\"article\" \/>\n<meta property=\"og:title\" content=\"Links - Fanrechtefonds\" \/>\n<meta property=\"og:description\" content=\"Wir sind nicht verantwortlich f\u00fcr die Inhalte der hier aufgef\u00fchrten externen Webseiten. &nbsp; AG Fananw\u00e4lte B.A.F.F. IG Unsere Kurve ProFans Fanhilfen: Fanhilfe Hertha BSC (Hertha BSC) Eiserne Hilfe (Union Berlin) Blau Gelbe Hilfe (Eintracht Braunschweig) Schwarz Gelbe Hilfe (Dynamo Dresden) &hellip; Weiter\" \/>\n<meta property=\"og:url\" content=\"https:\/\/fanrechtefonds.de\/blog\/links\/\" \/>\n<meta property=\"og:site_name\" content=\"Fanrechtefonds\" \/>\n<meta property=\"og:image\" content=\"https:\/\/fanrechtefonds.de\/blog\/wp-content\/uploads\/2021\/04\/Logo_200x200.png\" \/>\n\t<meta property=\"og:image:width\" content=\"400\" \/>\n\t<meta property=\"og:image:height\" content=\"400\" \/>\n\t<meta property=\"og:image:type\" content=\"image\/png\" \/>\n<meta name=\"twitter:card\" content=\"summary_large_image\" \/>\n<meta name=\"twitter:label1\" content=\"Gesch\u00e4tzte Lesezeit\" \/>\n\t<meta name=\"twitter:data1\" content=\"1\u00a0Minute\" \/>\n<script type=\"application\/ld+json\" class=\"yoast-schema-graph\">{\"@context\":\"https:\\\/\\\/schema.org\",\"@graph\":[{\"@type\":\"WebPage\",\"@id\":\"https:\\\/\\\/fanrechtefonds.de\\\/blog\\\/links\\\/\",\"url\":\"https:\\\/\\\/fanrechtefonds.de\\\/blog\\\/links\\\/\",\"name\":\"Links - Fanrechtefonds\",\"isPartOf\":{\"@id\":\"https:\\\/\\\/fanrechtefonds.de\\\/blog\\\/#website\"},\"datePublished\":\"2016-08-25T10:03:28+00:00\",\"breadcrumb\":{\"@id\":\"https:\\\/\\\/fanrechtefonds.de\\\/blog\\\/links\\\/#breadcrumb\"},\"inLanguage\":\"de\",\"potentialAction\":[{\"@type\":\"ReadAction\",\"target\":[\"https:\\\/\\\/fanrechtefonds.de\\\/blog\\\/links\\\/\"]}]},{\"@type\":\"BreadcrumbList\",\"@id\":\"https:\\\/\\\/fanrechtefonds.de\\\/blog\\\/links\\\/#breadcrumb\",\"itemListElement\":[{\"@type\":\"ListItem\",\"position\":1,\"name\":\"Startseite\",\"item\":\"https:\\\/\\\/fanrechtefonds.de\\\/blog\\\/\"},{\"@type\":\"ListItem\",\"position\":2,\"name\":\"Links\"}]},{\"@type\":\"WebSite\",\"@id\":\"https:\\\/\\\/fanrechtefonds.de\\\/blog\\\/#website\",\"url\":\"https:\\\/\\\/fanrechtefonds.de\\\/blog\\\/\",\"name\":\"Fanrechtefonds\",\"description\":\"Fanrechtefonds\",\"potentialAction\":[{\"@type\":\"SearchAction\",\"target\":{\"@type\":\"EntryPoint\",\"urlTemplate\":\"https:\\\/\\\/fanrechtefonds.de\\\/blog\\\/?s={search_term_string}\"},\"query-input\":{\"@type\":\"PropertyValueSpecification\",\"valueRequired\":true,\"valueName\":\"search_term_string\"}}],\"inLanguage\":\"de\"}]}<\/script>\n<!-- \/ Yoast SEO plugin. -->","yoast_head_json":{"title":"Links - Fanrechtefonds","robots":{"index":"index","follow":"follow","max-snippet":"max-snippet:-1","max-image-preview":"max-image-preview:large","max-video-preview":"max-video-preview:-1"},"canonical":"https:\/\/fanrechtefonds.de\/blog\/links\/","og_locale":"de_DE","og_type":"article","og_title":"Links - Fanrechtefonds","og_description":"Wir sind nicht verantwortlich f\u00fcr die Inhalte der hier aufgef\u00fchrten externen Webseiten. &nbsp; AG Fananw\u00e4lte B.A.F.F. IG Unsere Kurve ProFans Fanhilfen: Fanhilfe Hertha BSC (Hertha BSC) Eiserne Hilfe (Union Berlin) Blau Gelbe Hilfe (Eintracht Braunschweig) Schwarz Gelbe Hilfe (Dynamo Dresden) &hellip; Weiter","og_url":"https:\/\/fanrechtefonds.de\/blog\/links\/","og_site_name":"Fanrechtefonds","og_image":[{"width":400,"height":400,"url":"https:\/\/fanrechtefonds.de\/blog\/wp-content\/uploads\/2021\/04\/Logo_200x200.png","type":"image\/png"}],"twitter_card":"summary_large_image","twitter_misc":{"Gesch\u00e4tzte Lesezeit":"1\u00a0Minute"},"schema":{"@context":"https:\/\/schema.org","@graph":[{"@type":"WebPage","@id":"https:\/\/fanrechtefonds.de\/blog\/links\/","url":"https:\/\/fanrechtefonds.de\/blog\/links\/","name":"Links - Fanrechtefonds","isPartOf":{"@id":"https:\/\/fanrechtefonds.de\/blog\/#website"},"datePublished":"2016-08-25T10:03:28+00:00","breadcrumb":{"@id":"https:\/\/fanrechtefonds.de\/blog\/links\/#breadcrumb"},"inLanguage":"de","potentialAction":[{"@type":"ReadAction","target":["https:\/\/fanrechtefonds.de\/blog\/links\/"]}]},{"@type":"BreadcrumbList","@id":"https:\/\/fanrechtefonds.de\/blog\/links\/#breadcrumb","itemListElement":[{"@type":"ListItem","position":1,"name":"Startseite","item":"https:\/\/fanrechtefonds.de\/blog\/"},{"@type":"ListItem","position":2,"name":"Links"}]},{"@type":"WebSite","@id":"https:\/\/fanrechtefonds.de\/blog\/#website","url":"https:\/\/fanrechtefonds.de\/blog\/","name":"Fanrechtefonds","description":"Fanrechtefonds","potentialAction":[{"@type":"SearchAction","target":{"@type":"EntryPoint","urlTemplate":"https:\/\/fanrechtefonds.de\/blog\/?s={search_term_string}"},"query-input":{"@type":"PropertyValueSpecification","valueRequired":true,"valueName":"search_term_string"}}],"inLanguage":"de"}]}},"_links":{"self":[{"href":"https:\/\/fanrechtefonds.de\/blog\/wp-json\/wp\/v2\/pages\/157","targetHints":{"allow":["GET"]}}],"collection":[{"href":"https:\/\/fanrechtefonds.de\/blog\/wp-json\/wp\/v2\/pages"}],"about":[{"href":"https:\/\/fanrechtefonds.de\/blog\/wp-json\/wp\/v2\/types\/page"}],"author":[{"embeddable":true,"href":"https:\/\/fanrechtefonds.de\/blog\/wp-json\/wp\/v2\/users\/1"}],"replies":[{"embeddable":true,"href":"https:\/\/fanrechtefonds.de\/blog\/wp-json\/wp\/v2\/comments?post=157"}],"version-history":[{"count":1,"href":"https:\/\/fanrechtefonds.de\/blog\/wp-json\/wp\/v2\/pages\/157\/revisions"}],"predecessor-version":[{"id":158,"href":"https:\/\/fanrechtefonds.de\/blog\/wp-json\/wp\/v2\/pages\/157\/revisions\/158"}],"wp:attachment":[{"href":"https:\/\/fanrechtefonds.de\/blog\/wp-json\/wp\/v2\/media?parent=157"}],"curies":[{"name":"wp","href":"https:\/\/api.w.org\/{rel}","templated":true}]}}