{"id":153,"date":"2016-08-25T11:01:43","date_gmt":"2016-08-25T09:01:43","guid":{"rendered":"https:\/\/fanrechtefonds.de\/blog\/?page_id=153"},"modified":"2016-08-26T10:07:34","modified_gmt":"2016-08-26T08:07:34","slug":"ueber-uns","status":"publish","type":"page","link":"https:\/\/fanrechtefonds.de\/blog\/","title":{"rendered":"\u00dcber uns"},"content":{"rendered":"<h4>Was ist der Fanrechtefonds?<\/h4>\n<p>Der Fanrechtefonds ist ein im Dezember 2006 von aktiven Fu\u00dfballfans gegr\u00fcndeter Fonds, mit dessen Hilfe die Rechte von Fu\u00dfballfans in Deutschland gest\u00e4rkt werden sollen. Das Hauptaugenmerk liegt hierbei auf der Unterst\u00fctzung von gerichtlichen Verfahren, die als Muster f\u00fcr andere Verfahren gelten k\u00f6nnten. Der Zweck besteht in erster Linie nicht in der Unterst\u00fctzung einzelner Betroffener, sondern darin, eine Wirkung auf k\u00fcnftige Verfahren bzw. eine St\u00e4rkung der Rechte von Fu\u00dfballfans zu erreichen. Der Fanrechtefonds speist sich aus Spenden<a href=\"https:\/\/fanrechtefonds.de\/blog\/satzung\/\"> ==&gt; Satzung<\/a>.&nbsp;<\/p>\n<h4>Wie funktioniert der Fanrechtefonds?<\/h4>\n<p>Das h\u00f6chste Organ des Fanrechtefonds ist die Spenderversammlung \u2013 sie w\u00e4hlt den Kassenrat. Ob der Fanrechtefonds einen Fall unterst\u00fctzt, entscheidet der <a href=\"https:\/\/fanrechtefonds.de\/blog\/organe\/\">Kassenrat<\/a> in Einklang mit der Satzung. Hierbei wird er vom <a href=\"https:\/\/fanrechtefonds.de\/blog\/beirat\/\">Beirat<\/a> unterst\u00fctzt und beraten. Die Verwaltung und die satzungsgem\u00e4\u00dfe Verwendung der eingehenden Spenden \u00fcberwacht ein Treuh\u00e4nder (Rechtsanwalt).<\/p>\n<h4>Was unterscheidet den Fanrechtefonds von den Fanhilfen?<\/h4>\n<p>Im Unterschied zu den Fanhilfen liegt der Fokus des Fanrechtefonds darauf, F\u00e4lle zu unterst\u00fctzen, die sich als Pr\u00e4zedenzfall \u201ef\u00fcr alle\u201c eignen k\u00f6nnten. Der Fanrechtefonds ist deutschlandweit t\u00e4tig und keiner Fanszene zugeh\u00f6rig. Der Fanrechtefonds sieht sich hierbei in keiner Konkurrenz zu den \u00f6rtlichen Fanhilfen und pflegt einen regen Austausch mit diesen.<\/p>\n<h4>Du willst Kontakt zum Fanrechtefonds aufnehmen?<\/h4>\n<p><a href=\"https:\/\/fanrechtefonds.de\/blog\/kontakt\/\">Hier geht&#8217;s zum Kontaktformular<\/a><\/p>\n<p><span style=\"color: #800000;\"><strong>Spendenkonto<\/strong><\/span><\/p>\n<p><strong>Kontoinhaber:<\/strong><br \/>\nRA Tobias Westkamp<\/p>\n<p><strong>IBAN:<\/strong><br \/>\nDE11 3705 0299 0000 3793 88<\/p>\n<p><strong>BIC:<\/strong><br \/>\nCOKSDE33XXX<br \/>\n(KSK K\u00f6ln)<\/p>\n<p><strong>Verwendungszweck:<\/strong><br \/>\nFanrechtefonds, Name, E-Mail-Adresse!!!<\/p>\n","protected":false},"excerpt":{"rendered":"<p>Was ist der Fanrechtefonds? Der Fanrechtefonds ist ein im Dezember 2006 von aktiven Fu\u00dfballfans gegr\u00fcndeter Fonds, mit dessen Hilfe die Rechte von Fu\u00dfballfans in Deutschland gest\u00e4rkt werden sollen. Das Hauptaugenmerk liegt hierbei auf der Unterst\u00fctzung von gerichtlichen Verfahren, die als &hellip; <a href=\"https:\/\/fanrechtefonds.de\/blog\/\">Weiter<\/a><\/p>\n","protected":false},"author":1,"featured_media":0,"parent":0,"menu_order":0,"comment_status":"closed","ping_status":"closed","template":"page-fullwidth.php","meta":{"kt_blocks_editor_width":"","footnotes":""},"class_list":["post-153","page","type-page","status-publish","hentry"],"yoast_head":"<!-- This site is optimized with the Yoast SEO plugin v27.4 - https:\/\/yoast.com\/product\/yoast-seo-wordpress\/ -->\n<title>\u00dcber uns - Fanrechtefonds<\/title>\n<meta name=\"robots\" content=\"index, follow, max-snippet:-1, max-image-preview:large, max-video-preview:-1\" \/>\n<link rel=\"canonical\" href=\"https:\/\/fanrechtefonds.de\/blog\/\" \/>\n<meta property=\"og:locale\" content=\"de_DE\" \/>\n<meta property=\"og:type\" content=\"article\" \/>\n<meta property=\"og:title\" content=\"\u00dcber uns - Fanrechtefonds\" \/>\n<meta property=\"og:description\" content=\"Was ist der Fanrechtefonds? Der Fanrechtefonds ist ein im Dezember 2006 von aktiven Fu\u00dfballfans gegr\u00fcndeter Fonds, mit dessen Hilfe die Rechte von Fu\u00dfballfans in Deutschland gest\u00e4rkt werden sollen. Das Hauptaugenmerk liegt hierbei auf der Unterst\u00fctzung von gerichtlichen Verfahren, die als &hellip; Weiter\" \/>\n<meta property=\"og:url\" content=\"https:\/\/fanrechtefonds.de\/blog\/\" \/>\n<meta property=\"og:site_name\" content=\"Fanrechtefonds\" \/>\n<meta property=\"article:modified_time\" content=\"2016-08-26T08:07:34+00:00\" \/>\n<meta property=\"og:image\" content=\"https:\/\/fanrechtefonds.de\/blog\/wp-content\/uploads\/2021\/04\/Logo_200x200.png\" \/>\n\t<meta property=\"og:image:width\" content=\"400\" \/>\n\t<meta property=\"og:image:height\" content=\"400\" \/>\n\t<meta property=\"og:image:type\" content=\"image\/png\" \/>\n<meta name=\"twitter:card\" content=\"summary_large_image\" \/>\n<meta name=\"twitter:label1\" content=\"Gesch\u00e4tzte Lesezeit\" \/>\n\t<meta name=\"twitter:data1\" content=\"1\u00a0Minute\" \/>\n<script type=\"application\/ld+json\" class=\"yoast-schema-graph\">{\"@context\":\"https:\\\/\\\/schema.org\",\"@graph\":[{\"@type\":\"WebPage\",\"@id\":\"https:\\\/\\\/fanrechtefonds.de\\\/blog\\\/\",\"url\":\"https:\\\/\\\/fanrechtefonds.de\\\/blog\\\/\",\"name\":\"\u00dcber uns - Fanrechtefonds\",\"isPartOf\":{\"@id\":\"https:\\\/\\\/fanrechtefonds.de\\\/blog\\\/#website\"},\"datePublished\":\"2016-08-25T09:01:43+00:00\",\"dateModified\":\"2016-08-26T08:07:34+00:00\",\"breadcrumb\":{\"@id\":\"https:\\\/\\\/fanrechtefonds.de\\\/blog\\\/#breadcrumb\"},\"inLanguage\":\"de\",\"potentialAction\":[{\"@type\":\"ReadAction\",\"target\":[\"https:\\\/\\\/fanrechtefonds.de\\\/blog\\\/\"]}]},{\"@type\":\"BreadcrumbList\",\"@id\":\"https:\\\/\\\/fanrechtefonds.de\\\/blog\\\/#breadcrumb\",\"itemListElement\":[{\"@type\":\"ListItem\",\"position\":1,\"name\":\"Startseite\",\"item\":\"https:\\\/\\\/fanrechtefonds.de\\\/blog\\\/\"},{\"@type\":\"ListItem\",\"position\":2,\"name\":\"\u00dcber uns\"}]},{\"@type\":\"WebSite\",\"@id\":\"https:\\\/\\\/fanrechtefonds.de\\\/blog\\\/#website\",\"url\":\"https:\\\/\\\/fanrechtefonds.de\\\/blog\\\/\",\"name\":\"Fanrechtefonds\",\"description\":\"Fanrechtefonds\",\"potentialAction\":[{\"@type\":\"SearchAction\",\"target\":{\"@type\":\"EntryPoint\",\"urlTemplate\":\"https:\\\/\\\/fanrechtefonds.de\\\/blog\\\/?s={search_term_string}\"},\"query-input\":{\"@type\":\"PropertyValueSpecification\",\"valueRequired\":true,\"valueName\":\"search_term_string\"}}],\"inLanguage\":\"de\"}]}<\/script>\n<!-- \/ Yoast SEO plugin. -->","yoast_head_json":{"title":"\u00dcber uns - Fanrechtefonds","robots":{"index":"index","follow":"follow","max-snippet":"max-snippet:-1","max-image-preview":"max-image-preview:large","max-video-preview":"max-video-preview:-1"},"canonical":"https:\/\/fanrechtefonds.de\/blog\/","og_locale":"de_DE","og_type":"article","og_title":"\u00dcber uns - Fanrechtefonds","og_description":"Was ist der Fanrechtefonds? Der Fanrechtefonds ist ein im Dezember 2006 von aktiven Fu\u00dfballfans gegr\u00fcndeter Fonds, mit dessen Hilfe die Rechte von Fu\u00dfballfans in Deutschland gest\u00e4rkt werden sollen. Das Hauptaugenmerk liegt hierbei auf der Unterst\u00fctzung von gerichtlichen Verfahren, die als &hellip; Weiter","og_url":"https:\/\/fanrechtefonds.de\/blog\/","og_site_name":"Fanrechtefonds","article_modified_time":"2016-08-26T08:07:34+00:00","og_image":[{"width":400,"height":400,"url":"https:\/\/fanrechtefonds.de\/blog\/wp-content\/uploads\/2021\/04\/Logo_200x200.png","type":"image\/png"}],"twitter_card":"summary_large_image","twitter_misc":{"Gesch\u00e4tzte Lesezeit":"1\u00a0Minute"},"schema":{"@context":"https:\/\/schema.org","@graph":[{"@type":"WebPage","@id":"https:\/\/fanrechtefonds.de\/blog\/","url":"https:\/\/fanrechtefonds.de\/blog\/","name":"\u00dcber uns - Fanrechtefonds","isPartOf":{"@id":"https:\/\/fanrechtefonds.de\/blog\/#website"},"datePublished":"2016-08-25T09:01:43+00:00","dateModified":"2016-08-26T08:07:34+00:00","breadcrumb":{"@id":"https:\/\/fanrechtefonds.de\/blog\/#breadcrumb"},"inLanguage":"de","potentialAction":[{"@type":"ReadAction","target":["https:\/\/fanrechtefonds.de\/blog\/"]}]},{"@type":"BreadcrumbList","@id":"https:\/\/fanrechtefonds.de\/blog\/#breadcrumb","itemListElement":[{"@type":"ListItem","position":1,"name":"Startseite","item":"https:\/\/fanrechtefonds.de\/blog\/"},{"@type":"ListItem","position":2,"name":"\u00dcber uns"}]},{"@type":"WebSite","@id":"https:\/\/fanrechtefonds.de\/blog\/#website","url":"https:\/\/fanrechtefonds.de\/blog\/","name":"Fanrechtefonds","description":"Fanrechtefonds","potentialAction":[{"@type":"SearchAction","target":{"@type":"EntryPoint","urlTemplate":"https:\/\/fanrechtefonds.de\/blog\/?s={search_term_string}"},"query-input":{"@type":"PropertyValueSpecification","valueRequired":true,"valueName":"search_term_string"}}],"inLanguage":"de"}]}},"_links":{"self":[{"href":"https:\/\/fanrechtefonds.de\/blog\/wp-json\/wp\/v2\/pages\/153","targetHints":{"allow":["GET"]}}],"collection":[{"href":"https:\/\/fanrechtefonds.de\/blog\/wp-json\/wp\/v2\/pages"}],"about":[{"href":"https:\/\/fanrechtefonds.de\/blog\/wp-json\/wp\/v2\/types\/page"}],"author":[{"embeddable":true,"href":"https:\/\/fanrechtefonds.de\/blog\/wp-json\/wp\/v2\/users\/1"}],"replies":[{"embeddable":true,"href":"https:\/\/fanrechtefonds.de\/blog\/wp-json\/wp\/v2\/comments?post=153"}],"version-history":[{"count":3,"href":"https:\/\/fanrechtefonds.de\/blog\/wp-json\/wp\/v2\/pages\/153\/revisions"}],"predecessor-version":[{"id":161,"href":"https:\/\/fanrechtefonds.de\/blog\/wp-json\/wp\/v2\/pages\/153\/revisions\/161"}],"wp:attachment":[{"href":"https:\/\/fanrechtefonds.de\/blog\/wp-json\/wp\/v2\/media?parent=153"}],"curies":[{"name":"wp","href":"https:\/\/api.w.org\/{rel}","templated":true}]}}